{"id":23,"date":"2025-03-17T09:37:14","date_gmt":"2025-03-17T09:37:14","guid":{"rendered":"https:\/\/jcee.cz\/?page_id=23"},"modified":"2025-04-22T12:05:05","modified_gmt":"2025-04-22T12:05:05","slug":"kariera","status":"publish","type":"page","link":"https:\/\/jcee.cz\/de\/kariera\/","title":{"rendered":"Karriere"},"content":{"rendered":"<div data-elementor-type=\"wp-page\" data-elementor-id=\"23\" class=\"elementor elementor-23\" data-elementor-post-type=\"page\">\n\t\t\t\t<div class=\"elementor-element elementor-element-d1d55e7 e-flex e-con-boxed e-con e-parent\" data-id=\"d1d55e7\" data-element_type=\"container\" data-settings=\"{&quot;background_background&quot;:&quot;gradient&quot;}\">\n\t\t\t\t\t<div class=\"e-con-inner\">\n\t\t<div class=\"elementor-element elementor-element-29f4586 e-con-full e-flex e-con e-child\" data-id=\"29f4586\" data-element_type=\"container\">\n\t\t\t\t<div class=\"elementor-element elementor-element-193eda5 elementor-widget elementor-widget-heading\" data-id=\"193eda5\" data-element_type=\"widget\" data-widget_type=\"heading.default\">\n\t\t\t\t<div class=\"elementor-widget-container\">\n\t\t\t\t\t<h1 class=\"elementor-heading-title elementor-size-default\">Karriere<\/h1>\t\t\t\t<\/div>\n\t\t\t\t<\/div>\n\t\t\t\t<div class=\"elementor-element elementor-element-dc0c926 elementor-widget elementor-widget-heading\" data-id=\"dc0c926\" data-element_type=\"widget\" data-widget_type=\"heading.default\">\n\t\t\t\t<div class=\"elementor-widget-container\">\n\t\t\t\t\t<h2 class=\"elementor-heading-title elementor-size-default\">Moment\u00e1ln\u011b hled\u00e1me<\/h2>\t\t\t\t<\/div>\n\t\t\t\t<\/div>\n\t\t\t\t<\/div>\n\t\t<div class=\"elementor-element elementor-element-f9962d9 e-con-full e-flex e-con e-child\" data-id=\"f9962d9\" data-element_type=\"container\" data-settings=\"{&quot;background_background&quot;:&quot;classic&quot;}\">\n\t\t\t\t<\/div>\n\t\t\t\t\t<\/div>\n\t\t\t\t<\/div>\n\t\t<div class=\"elementor-element elementor-element-033525e e-flex e-con-boxed e-con e-parent\" data-id=\"033525e\" data-element_type=\"container\" data-settings=\"{&quot;background_background&quot;:&quot;classic&quot;}\">\n\t\t\t\t\t<div class=\"e-con-inner\">\n\t\t\t\t<div class=\"elementor-element elementor-element-bba1c7e elementor-grid-1 elementor-grid-tablet-2 elementor-grid-mobile-1 elementor-widget elementor-widget-loop-grid\" data-id=\"bba1c7e\" data-element_type=\"widget\" data-settings=\"{&quot;template_id&quot;:993,&quot;columns&quot;:1,&quot;_skin&quot;:&quot;post&quot;,&quot;columns_tablet&quot;:&quot;2&quot;,&quot;columns_mobile&quot;:&quot;1&quot;,&quot;edit_handle_selector&quot;:&quot;[data-elementor-type=\\&quot;loop-item\\&quot;]&quot;,&quot;row_gap&quot;:{&quot;unit&quot;:&quot;px&quot;,&quot;size&quot;:&quot;&quot;,&quot;sizes&quot;:[]},&quot;row_gap_tablet&quot;:{&quot;unit&quot;:&quot;px&quot;,&quot;size&quot;:&quot;&quot;,&quot;sizes&quot;:[]},&quot;row_gap_mobile&quot;:{&quot;unit&quot;:&quot;px&quot;,&quot;size&quot;:&quot;&quot;,&quot;sizes&quot;:[]}}\" data-widget_type=\"loop-grid.post\">\n\t\t\t\t<div class=\"elementor-widget-container\">\n\t\t\t\t\t\t\t<div class=\"elementor-loop-container elementor-grid\" role=\"list\">\n\t\t<style id=\"loop-993\">.elementor-993 .elementor-element.elementor-element-826937b{--display:flex;--flex-direction:row;--container-widget-width:initial;--container-widget-height:100%;--container-widget-flex-grow:1;--container-widget-align-self:stretch;--flex-wrap-mobile:wrap;border-style:solid;--border-style:solid;border-width:1px 1px 1px 1px;--border-top-width:1px;--border-right-width:1px;--border-bottom-width:1px;--border-left-width:1px;border-color:#EEEEEE;--border-color:#EEEEEE;--padding-top:23px;--padding-bottom:23px;--padding-left:23px;--padding-right:23px;}.elementor-993 .elementor-element.elementor-element-826937b:not(.elementor-motion-effects-element-type-background), .elementor-993 .elementor-element.elementor-element-826937b > .elementor-motion-effects-container > .elementor-motion-effects-layer{background-color:#FFFFFF;}.elementor-993 .elementor-element.elementor-element-22af516{--display:flex;--flex-direction:column;--container-widget-width:calc( ( 1 - var( --container-widget-flex-grow ) ) * 100% );--container-widget-height:initial;--container-widget-flex-grow:0;--container-widget-align-self:initial;--flex-wrap-mobile:wrap;--justify-content:center;--align-items:center;}.elementor-993 .elementor-element.elementor-element-22af516.e-con{--flex-grow:0;--flex-shrink:0;}.elementor-widget-image .widget-image-caption{color:var( --e-global-color-text );font-family:var( --e-global-typography-text-font-family ), Sans-serif;font-weight:var( --e-global-typography-text-font-weight );}.elementor-993 .elementor-element.elementor-element-cac30ad:not( .elementor-widget-image ) .elementor-widget-container{-webkit-mask-image:url( https:\/\/jcee.cz\/wp-content\/plugins\/elementor\/assets\/mask-shapes\/circle.svg );-webkit-mask-size:contain;-webkit-mask-position:center center;-webkit-mask-repeat:no-repeat;}.elementor-993 .elementor-element.elementor-element-cac30ad.elementor-widget-image .elementor-widget-container img{-webkit-mask-image:url( https:\/\/jcee.cz\/wp-content\/plugins\/elementor\/assets\/mask-shapes\/circle.svg );-webkit-mask-size:contain;-webkit-mask-position:center center;-webkit-mask-repeat:no-repeat;}.elementor-993 .elementor-element.elementor-element-cac30ad img{width:186px;max-width:100%;height:186px;object-fit:cover;object-position:center center;}.elementor-993 .elementor-element.elementor-element-f4684b8{--display:flex;--flex-direction:column;--container-widget-width:100%;--container-widget-height:initial;--container-widget-flex-grow:0;--container-widget-align-self:initial;--flex-wrap-mobile:wrap;--padding-top:20px;--padding-bottom:0px;--padding-left:0px;--padding-right:0px;}.elementor-widget-heading .elementor-heading-title{font-family:var( --e-global-typography-primary-font-family ), Sans-serif;font-weight:var( --e-global-typography-primary-font-weight );color:var( --e-global-color-primary );}.elementor-993 .elementor-element.elementor-element-25db76a .elementor-heading-title{font-family:\"eurostile\", Sans-serif;font-size:15px;font-weight:500;color:#D9BB61;}.elementor-993 .elementor-element.elementor-element-de830b9 .elementor-heading-title{font-family:\"eurostile\", Sans-serif;font-size:24px;font-weight:900;color:#0F2E50;}.elementor-widget-text-editor{font-family:var( --e-global-typography-text-font-family ), Sans-serif;font-weight:var( --e-global-typography-text-font-weight );color:var( --e-global-color-text );}.elementor-widget-text-editor.elementor-drop-cap-view-stacked .elementor-drop-cap{background-color:var( --e-global-color-primary );}.elementor-widget-text-editor.elementor-drop-cap-view-framed .elementor-drop-cap, .elementor-widget-text-editor.elementor-drop-cap-view-default .elementor-drop-cap{color:var( --e-global-color-primary );border-color:var( --e-global-color-primary );}.elementor-993 .elementor-element.elementor-element-a2bf1df{font-family:\"eurostile\", Sans-serif;font-size:17px;font-weight:400;line-height:29px;color:var( --e-global-color-1bdeece );}.elementor-993 .elementor-element.elementor-element-2e4333e{--display:flex;--flex-direction:row;--container-widget-width:initial;--container-widget-height:100%;--container-widget-flex-grow:1;--container-widget-align-self:stretch;--flex-wrap-mobile:wrap;--justify-content:flex-end;}.elementor-993 .elementor-element.elementor-element-2e4333e.e-con{--align-self:center;}.elementor-993 .elementor-element.elementor-element-89a6b76{width:initial;max-width:initial;z-index:2;}.elementor-993 .elementor-element.elementor-element-89a6b76 > .elementor-widget-container{background-color:#FFFFFF00;}.elementor-993 .elementor-element.elementor-element-89a6b76:hover .elementor-widget-container{background-color:#FFFFFF00;}@media(max-width:767px){.elementor-993 .elementor-element.elementor-element-cac30ad img{width:100%;max-width:100%;}.elementor-993 .elementor-element.elementor-element-25db76a{text-align:center;}.elementor-993 .elementor-element.elementor-element-25db76a .elementor-heading-title{font-size:15px;}.elementor-993 .elementor-element.elementor-element-de830b9{text-align:center;}.elementor-993 .elementor-element.elementor-element-de830b9 .elementor-heading-title{font-size:22px;line-height:1.1em;}.elementor-993 .elementor-element.elementor-element-a2bf1df{text-align:center;font-size:16px;}}@media(min-width:768px){.elementor-993 .elementor-element.elementor-element-826937b{--width:100%;}.elementor-993 .elementor-element.elementor-element-22af516{--width:14.166%;}.elementor-993 .elementor-element.elementor-element-2e4333e{--width:21%;}}\/* Start custom CSS for html, class: .elementor-element-89a6b76 *\/\/* Styl tla\u010d\u00edtka *\/\n.circle-button {\n    position: relative;\n    width: 80px;\n    height: 80px;\n    background: none;\n    border: none;\n    cursor: pointer;\n}\n\n\/* Um\u00edst\u011bn\u00ed SVG *\/\n.circle-button svg {\n    position: absolute;\n    top: 0;\n    left: 0;\n    fill: none;\n}\n\n\/* Pevn\u00fd kruh s barvou #0F2E5036 *\/\n.circle-button .border-bg {\n    stroke: #E7E7E7;\n    stroke-width: 2;\n    fill: none;\n}\n\n\/* Animovan\u00fd kruh *\/\n.circle-button .border-animated {\n    stroke: #D9BB61;\n    stroke-width: 2;\n    stroke-dasharray: 220;\n    stroke-dashoffset: 220;\n    fill: none;\n    transition: stroke-dashoffset 0.7s ease-in-out;\n}\n\n\/* Hover efekt - vykreslen\u00ed animovan\u00e9ho kruhu *\/\n.circle-button:hover .border-animated {\n    stroke-dashoffset: 0;\n}\n\n\/* Styl \u0161ipky uvnit\u0159 tla\u010d\u00edtka *\/\n.circle-button .arrow {\n    position: absolute;\n    top: 0;\n    left: 0;\n    width: 80px;\n    height: 80px;\n    display: flex;\n    align-items: center;\n    justify-content: center;\n    color: #D9BB61;\n    font-size: 24px;\n}\/* End custom CSS *\/<\/style>\t\t<div data-elementor-type=\"loop-item\" data-elementor-id=\"993\" class=\"elementor elementor-993 e-loop-item e-loop-item-2271 post-2271 kariera type-kariera status-publish has-post-thumbnail hentry\" data-elementor-post-type=\"elementor_library\" data-custom-edit-handle=\"1\">\n\t\t\t<a class=\"elementor-element elementor-element-826937b e-con-full e-flex e-con e-child\" data-id=\"826937b\" data-element_type=\"container\" data-settings=\"{&quot;background_background&quot;:&quot;classic&quot;}\" href=\"https:\/\/jcee.cz\/de\/kariera\/programator-ka\/\">\n\t\t<div class=\"elementor-element elementor-element-22af516 e-con-full e-flex e-con e-child\" data-id=\"22af516\" data-element_type=\"container\">\n\t\t\t\t<div class=\"elementor-element elementor-element-cac30ad elementor-widget elementor-widget-image\" data-id=\"cac30ad\" data-element_type=\"widget\" data-widget_type=\"image.default\">\n\t\t\t\t<div class=\"elementor-widget-container\">\n\t\t\t\t\t\t\t\t\t\t\t\t\t\t\t<img fetchpriority=\"high\" decoding=\"async\" width=\"512\" height=\"512\" src=\"https:\/\/jcee.cz\/wp-content\/uploads\/2025\/05\/cropped-Favicon.png\" class=\"attachment-large size-large wp-image-1361\" alt=\"\" srcset=\"https:\/\/jcee.cz\/wp-content\/uploads\/2025\/05\/cropped-Favicon.png 512w, https:\/\/jcee.cz\/wp-content\/uploads\/2025\/05\/cropped-Favicon-300x300.png 300w, https:\/\/jcee.cz\/wp-content\/uploads\/2025\/05\/cropped-Favicon-150x150.png 150w, https:\/\/jcee.cz\/wp-content\/uploads\/2025\/05\/cropped-Favicon-270x270.png 270w, https:\/\/jcee.cz\/wp-content\/uploads\/2025\/05\/cropped-Favicon-192x192.png 192w, https:\/\/jcee.cz\/wp-content\/uploads\/2025\/05\/cropped-Favicon-180x180.png 180w, https:\/\/jcee.cz\/wp-content\/uploads\/2025\/05\/cropped-Favicon-32x32.png 32w\" sizes=\"(max-width: 512px) 100vw, 512px\" \/>\t\t\t\t\t\t\t\t\t\t\t\t\t\t\t<\/div>\n\t\t\t\t<\/div>\n\t\t\t\t<\/div>\n\t\t<div class=\"elementor-element elementor-element-f4684b8 e-con-full e-flex e-con e-child\" data-id=\"f4684b8\" data-element_type=\"container\">\n\t\t\t\t<div class=\"elementor-element elementor-element-25db76a elementor-widget elementor-widget-heading\" data-id=\"25db76a\" data-element_type=\"widget\" data-widget_type=\"heading.default\">\n\t\t\t\t<div class=\"elementor-widget-container\">\n\t\t\t\t\t<h1 class=\"elementor-heading-title elementor-size-default\">Januar 22, 2026<\/h1>\t\t\t\t<\/div>\n\t\t\t\t<\/div>\n\t\t\t\t<div class=\"elementor-element elementor-element-de830b9 elementor-widget elementor-widget-heading\" data-id=\"de830b9\" data-element_type=\"widget\" data-widget_type=\"heading.default\">\n\t\t\t\t<div class=\"elementor-widget-container\">\n\t\t\t\t\t<h2 class=\"elementor-heading-title elementor-size-default\">Program\u00e1tor\/ka<\/h2>\t\t\t\t<\/div>\n\t\t\t\t<\/div>\n\t\t\t\t<div class=\"elementor-element elementor-element-a2bf1df elementor-widget elementor-widget-text-editor\" data-id=\"a2bf1df\" data-element_type=\"widget\" data-widget_type=\"text-editor.default\">\n\t\t\t\t<div class=\"elementor-widget-container\">\n\t\t\t\t\t\t\t\t\tHled\u00e1me program\u00e1tora pro integraci sv\u011bta stroj\u016f a IT!\r\nChcete propojit software se sv\u011btem pr\u016fmyslov\u00e9 automatizace? L\u00e1k\u00e1 V\u00e1s sb\u011br a zpracov\u00e1n\u00ed dat ze stroj\u016f \u0159\u00edzen\u00fdch PLC? Pak hled\u00e1me pr\u00e1v\u011b V\u00e1s! Na\u0161e firma p\u016fsob\u00ed na trhu 30 let a zab\u00fdv\u00e1me se pr\u016fmyslovou automatizac\u00ed. Jsme v\u00fdrobci jedno\u00fa\u010delov\u00fdch stroj\u016f, mont\u00e1\u017en\u00edch linek a dopravn\u00edkov\u00fdch syst\u00e9m\u016f.\r\n\t\t\t\t\t\t\t\t<\/div>\n\t\t\t\t<\/div>\n\t\t\t\t<\/div>\n\t\t<div class=\"elementor-element elementor-element-2e4333e e-con-full e-flex e-con e-child\" data-id=\"2e4333e\" data-element_type=\"container\">\n\t\t\t\t<div class=\"elementor-element elementor-element-89a6b76 elementor-widget__width-initial elementor-widget elementor-widget-html\" data-id=\"89a6b76\" data-element_type=\"widget\" data-widget_type=\"html.default\">\n\t\t\t\t<div class=\"elementor-widget-container\">\n\t\t\t\t\t<button class=\"circle-button\">\n    <svg width=\"80\" height=\"80\" viewbox=\"0 0 80 80\">\n        <!-- Pevn\u00fd \u0161ed\u00fd border -->\n        <circle cx=\"40\" cy=\"40\" r=\"35\" class=\"border-bg\"><\/circle>\n        <!-- Animovan\u00fd border -->\n        <circle cx=\"40\" cy=\"40\" r=\"35\" class=\"border-animated\"><\/circle>\n    <\/svg>\n    <span class=\"arrow\">\u2192<\/span>\n<\/button>\t\t\t\t<\/div>\n\t\t\t\t<\/div>\n\t\t\t\t<\/div>\n\t\t\t\t<\/a>\n\t\t\t\t<\/div>\n\t\t\t\t<\/div>\n\t\t\n\t\t\t\t\t\t<\/div>\n\t\t\t\t<\/div>\n\t\t\t\t\t<\/div>\n\t\t\t\t<\/div>\n\t\t<div class=\"elementor-element elementor-element-727db78 e-flex e-con-boxed e-con e-parent\" data-id=\"727db78\" data-element_type=\"container\">\n\t\t\t\t\t<div class=\"e-con-inner\">\n\t\t\t\t\t<\/div>\n\t\t\t\t<\/div>\n\t\t\t\t<\/div>","protected":false},"excerpt":{"rendered":"<p>Kari\u00e9ra Moment\u00e1ln\u011b hled\u00e1me<\/p>","protected":false},"author":1,"featured_media":0,"parent":0,"menu_order":0,"comment_status":"closed","ping_status":"closed","template":"elementor_header_footer","meta":{"_acf_changed":false,"inline_featured_image":false,"footnotes":""},"class_list":["post-23","page","type-page","status-publish","hentry"],"acf":[],"_links":{"self":[{"href":"https:\/\/jcee.cz\/de\/wp-json\/wp\/v2\/pages\/23","targetHints":{"allow":["GET"]}}],"collection":[{"href":"https:\/\/jcee.cz\/de\/wp-json\/wp\/v2\/pages"}],"about":[{"href":"https:\/\/jcee.cz\/de\/wp-json\/wp\/v2\/types\/page"}],"author":[{"embeddable":true,"href":"https:\/\/jcee.cz\/de\/wp-json\/wp\/v2\/users\/1"}],"replies":[{"embeddable":true,"href":"https:\/\/jcee.cz\/de\/wp-json\/wp\/v2\/comments?post=23"}],"version-history":[{"count":37,"href":"https:\/\/jcee.cz\/de\/wp-json\/wp\/v2\/pages\/23\/revisions"}],"predecessor-version":[{"id":1010,"href":"https:\/\/jcee.cz\/de\/wp-json\/wp\/v2\/pages\/23\/revisions\/1010"}],"wp:attachment":[{"href":"https:\/\/jcee.cz\/de\/wp-json\/wp\/v2\/media?parent=23"}],"curies":[{"name":"wp","href":"https:\/\/api.w.org\/{rel}","templated":true}]}}