{"id":1481,"date":"2025-06-06T10:21:48","date_gmt":"2025-06-06T10:21:48","guid":{"rendered":"https:\/\/jcee.cz\/?page_id=1481"},"modified":"2025-06-06T10:23:04","modified_gmt":"2025-06-06T10:23:04","slug":"dekujeme","status":"publish","type":"page","link":"https:\/\/jcee.cz\/en\/dekujeme\/","title":{"rendered":"D\u011bkujeme"},"content":{"rendered":"<div data-elementor-type=\"wp-page\" data-elementor-id=\"1481\" class=\"elementor elementor-1481\" data-elementor-post-type=\"page\">\n\t\t\t\t<div class=\"elementor-element elementor-element-145d2410 e-flex e-con-boxed e-con e-parent\" data-id=\"145d2410\" data-element_type=\"container\" data-settings=\"{&quot;background_background&quot;:&quot;classic&quot;}\">\n\t\t\t\t\t<div class=\"e-con-inner\">\n\t\t\t\t<div class=\"elementor-element elementor-element-5fd31e22 elementor-view-stacked elementor-shape-circle elementor-position-top elementor-mobile-position-top elementor-invisible elementor-widget elementor-widget-icon-box\" data-id=\"5fd31e22\" data-element_type=\"widget\" data-settings=\"{&quot;_animation&quot;:&quot;fadeInUp&quot;}\" data-widget_type=\"icon-box.default\">\n\t\t\t\t<div class=\"elementor-widget-container\">\n\t\t\t\t\t\t\t<div class=\"elementor-icon-box-wrapper\">\n\n\t\t\t\t\t\t<div class=\"elementor-icon-box-icon\">\n\t\t\t\t<span  class=\"elementor-icon\">\n\t\t\t\t<svg aria-hidden=\"true\" class=\"e-font-icon-svg e-fas-check\" viewbox=\"0 0 512 512\" xmlns=\"http:\/\/www.w3.org\/2000\/svg\"><path d=\"M173.898 439.404l-166.4-166.4c-9.997-9.997-9.997-26.206 0-36.204l36.203-36.204c9.997-9.998 26.207-9.998 36.204 0L192 312.69 432.095 72.596c9.997-9.997 26.207-9.997 36.204 0l36.203 36.204c9.997 9.997 9.997 26.206 0 36.204l-294.4 294.401c-9.998 9.997-26.207 9.997-36.204-.001z\"><\/path><\/svg>\t\t\t\t<\/span>\n\t\t\t<\/div>\n\t\t\t\n\t\t\t\t\t\t<div class=\"elementor-icon-box-content\">\n\n\t\t\t\t\t\t\t\t\t<h3 class=\"elementor-icon-box-title\">\n\t\t\t\t\t\t<span  >\n\t\t\t\t\t\t\tYour message has been sent successfully\t\t\t\t\t\t<\/span>\n\t\t\t\t\t<\/h3>\n\t\t\t\t\n\t\t\t\t\t\t\t\t\t<p class=\"elementor-icon-box-description\">\n\t\t\t\t\t\tWe look forward to working with you.\t\t\t\t\t<\/p>\n\t\t\t\t\n\t\t\t<\/div>\n\t\t\t\n\t\t<\/div>\n\t\t\t\t\t\t<\/div>\n\t\t\t\t<\/div>\n\t\t\t\t\t<\/div>\n\t\t\t\t<\/div>\n\t\t\t\t<\/div>","protected":false},"excerpt":{"rendered":"<p>Va\u0161e zpr\u00e1va byla \u00fasp\u011b\u0161n\u011b odesl\u00e1na T\u011b\u0161\u00edme se na spolupr\u00e1ci s v\u00e1mi.<\/p>","protected":false},"author":1,"featured_media":0,"parent":0,"menu_order":0,"comment_status":"closed","ping_status":"closed","template":"elementor_header_footer","meta":{"_acf_changed":false,"inline_featured_image":false,"footnotes":""},"class_list":["post-1481","page","type-page","status-publish","hentry"],"acf":[],"_links":{"self":[{"href":"https:\/\/jcee.cz\/en\/wp-json\/wp\/v2\/pages\/1481","targetHints":{"allow":["GET"]}}],"collection":[{"href":"https:\/\/jcee.cz\/en\/wp-json\/wp\/v2\/pages"}],"about":[{"href":"https:\/\/jcee.cz\/en\/wp-json\/wp\/v2\/types\/page"}],"author":[{"embeddable":true,"href":"https:\/\/jcee.cz\/en\/wp-json\/wp\/v2\/users\/1"}],"replies":[{"embeddable":true,"href":"https:\/\/jcee.cz\/en\/wp-json\/wp\/v2\/comments?post=1481"}],"version-history":[{"count":4,"href":"https:\/\/jcee.cz\/en\/wp-json\/wp\/v2\/pages\/1481\/revisions"}],"predecessor-version":[{"id":1486,"href":"https:\/\/jcee.cz\/en\/wp-json\/wp\/v2\/pages\/1481\/revisions\/1486"}],"wp:attachment":[{"href":"https:\/\/jcee.cz\/en\/wp-json\/wp\/v2\/media?parent=1481"}],"curies":[{"name":"wp","href":"https:\/\/api.w.org\/{rel}","templated":true}]}}